{"id":135,"date":"2010-02-07T20:25:37","date_gmt":"2010-02-07T20:25:37","guid":{"rendered":"http:\/\/www.steiningen.de\/blog\/?page_id=135"},"modified":"2024-10-09T21:30:11","modified_gmt":"2024-10-09T20:30:11","slug":"impressum","status":"publish","type":"page","link":"https:\/\/www.steiningen.de\/blog\/?page_id=135","title":{"rendered":"Impressum"},"content":{"rendered":"<h3><\/h3>\n<p>Ortsgemeinde Steiningen<br \/>\nz. Hd. Rene Diewald<br \/>\nZum Knopp 5<br \/>\n54552 Steiningen<\/p>\n<p>ortsgemeinde.steiningen@vgdaun.de<\/p>\n<p>Vulkaneifelkreis<br \/>\nVerbandsgemeinde Daun<\/p>\n<p>&#8212;<br \/>\n<b>Rechtliche Hinweise<\/b><br \/>\nTrotz sorgf\u00e4ltiger inhaltlicher Kontrolle \u00fcbernehmen wir keine Haftung f\u00fcr die Inhalte externer Links. F\u00fcr den Inhalt der verlinkten Seiten sind ausschlie\u00dflich deren Betreiber verantwortlich. Alle Inhalte der Internetseiten von www.steiningen.de sind urheberrechtlich gesch\u00fctzt! Alle Texte und Grafiken dieser Internetpr\u00e4senz unterliegen dem Urherberrechtsschutzgesetz und d\u00fcrfen weder reproduziert noch wiederverwendet werden. Die Aufnahme in elektronische Datenbanken oder Vervielf\u00e4ltigung auf Datentr\u00e4ger ist grunds\u00e4tzlich untersagt. Weiterverbreitungen der Inhalte ist nur mit schriftlicher Genehmigung zul\u00e4ssig.<\/p>\n","protected":false},"excerpt":{"rendered":"<p>Ortsgemeinde Steiningen z. Hd. Rene Diewald Zum Knopp 5 54552 Steiningen ortsgemeinde.steiningen@vgdaun.de Vulkaneifelkreis Verbandsgemeinde Daun &#8212; Rechtliche Hinweise Trotz sorgf\u00e4ltiger inhaltlicher Kontrolle \u00fcbernehmen wir keine Haftung f\u00fcr die Inhalte externer&#8230;<\/p>\n","protected":false},"author":2,"featured_media":0,"parent":0,"menu_order":7,"comment_status":"closed","ping_status":"closed","template":"","meta":{"footnotes":""},"class_list":["post-135","page","type-page","status-publish","hentry"],"_links":{"self":[{"href":"https:\/\/www.steiningen.de\/blog\/index.php?rest_route=\/wp\/v2\/pages\/135","targetHints":{"allow":["GET"]}}],"collection":[{"href":"https:\/\/www.steiningen.de\/blog\/index.php?rest_route=\/wp\/v2\/pages"}],"about":[{"href":"https:\/\/www.steiningen.de\/blog\/index.php?rest_route=\/wp\/v2\/types\/page"}],"author":[{"embeddable":true,"href":"https:\/\/www.steiningen.de\/blog\/index.php?rest_route=\/wp\/v2\/users\/2"}],"replies":[{"embeddable":true,"href":"https:\/\/www.steiningen.de\/blog\/index.php?rest_route=%2Fwp%2Fv2%2Fcomments&post=135"}],"version-history":[{"count":3,"href":"https:\/\/www.steiningen.de\/blog\/index.php?rest_route=\/wp\/v2\/pages\/135\/revisions"}],"predecessor-version":[{"id":1064,"href":"https:\/\/www.steiningen.de\/blog\/index.php?rest_route=\/wp\/v2\/pages\/135\/revisions\/1064"}],"wp:attachment":[{"href":"https:\/\/www.steiningen.de\/blog\/index.php?rest_route=%2Fwp%2Fv2%2Fmedia&parent=135"}],"curies":[{"name":"wp","href":"https:\/\/api.w.org\/{rel}","templated":true}]}}