{"id":174,"date":"2010-02-08T13:36:28","date_gmt":"2010-02-08T13:36:28","guid":{"rendered":"http:\/\/www.steiningen.de\/blog\/?page_id=174"},"modified":"2025-10-20T19:19:12","modified_gmt":"2025-10-20T18:19:12","slug":"baugrundstucke","status":"publish","type":"page","link":"https:\/\/www.steiningen.de\/blog\/?page_id=174","title":{"rendered":"Baugrundst\u00fccke"},"content":{"rendered":"<h2 style=\"text-align: center;\">Baugrundst\u00fccke<\/h2>\n<p style=\"text-align: center;\">Derzeit sind leider keine Baugrundst\u00fccke verf\u00fcgbar.<br \/>\nWeitere Informationen sind beim Ortsb\u00fcrgermeister zu erfragen.<\/p>\n","protected":false},"excerpt":{"rendered":"<p>Baugrundst\u00fccke Derzeit sind leider keine Baugrundst\u00fccke verf\u00fcgbar. Weitere Informationen sind beim Ortsb\u00fcrgermeister zu erfragen.<\/p>\n","protected":false},"author":2,"featured_media":0,"parent":153,"menu_order":4,"comment_status":"closed","ping_status":"open","template":"","meta":{"footnotes":""},"class_list":["post-174","page","type-page","status-publish","hentry"],"_links":{"self":[{"href":"https:\/\/www.steiningen.de\/blog\/index.php?rest_route=\/wp\/v2\/pages\/174","targetHints":{"allow":["GET"]}}],"collection":[{"href":"https:\/\/www.steiningen.de\/blog\/index.php?rest_route=\/wp\/v2\/pages"}],"about":[{"href":"https:\/\/www.steiningen.de\/blog\/index.php?rest_route=\/wp\/v2\/types\/page"}],"author":[{"embeddable":true,"href":"https:\/\/www.steiningen.de\/blog\/index.php?rest_route=\/wp\/v2\/users\/2"}],"replies":[{"embeddable":true,"href":"https:\/\/www.steiningen.de\/blog\/index.php?rest_route=%2Fwp%2Fv2%2Fcomments&post=174"}],"version-history":[{"count":2,"href":"https:\/\/www.steiningen.de\/blog\/index.php?rest_route=\/wp\/v2\/pages\/174\/revisions"}],"predecessor-version":[{"id":1110,"href":"https:\/\/www.steiningen.de\/blog\/index.php?rest_route=\/wp\/v2\/pages\/174\/revisions\/1110"}],"up":[{"embeddable":true,"href":"https:\/\/www.steiningen.de\/blog\/index.php?rest_route=\/wp\/v2\/pages\/153"}],"wp:attachment":[{"href":"https:\/\/www.steiningen.de\/blog\/index.php?rest_route=%2Fwp%2Fv2%2Fmedia&parent=174"}],"curies":[{"name":"wp","href":"https:\/\/api.w.org\/{rel}","templated":true}]}}