{"id":230,"date":"2010-03-25T18:53:22","date_gmt":"2010-03-25T18:53:22","guid":{"rendered":"http:\/\/www.steiningen.de\/blog\/?page_id=230"},"modified":"2025-10-20T20:27:53","modified_gmt":"2025-10-20T19:27:53","slug":"feuerwehr","status":"publish","type":"page","link":"https:\/\/www.steiningen.de\/blog\/?page_id=230","title":{"rendered":"FFW Steiningen"},"content":{"rendered":"\n<h3 class=\"wp-block-heading\">Der Vorstand<\/h3>\n\n\n\n<figure class=\"wp-block-table\"><table><tbody><tr><td>1.Vorsitzender:<\/td><td>Franz-Josef Lenerz<\/td><\/tr><tr><td>2. Vorsitzender:<\/td><td>Guido Sch\u00e4fer<\/td><\/tr><tr><td>Gesch\u00e4ftsf\u00fchrer:<\/td><td>Frank H\u00e4b<\/td><\/tr><tr><td>Schriftf\u00fchrer:<\/td><td>Sebastian Lenerz<\/td><\/tr><tr><td>Beisitzer:<\/td><td>Dietmar Caspar<\/td><\/tr><tr><td>Wehrf\u00fchrer<\/td><td>Karl-Heinz Partsch<\/td><\/tr><\/tbody><\/table><\/figure>\n\n\n\n<h3 class=\"wp-block-heading\">&nbsp;<\/h3>\n\n\n\n<h3 class=\"wp-block-heading\">&nbsp;<\/h3>\n\n\n\n<h3 class=\"wp-block-heading\">&nbsp;<\/h3>\n","protected":false},"excerpt":{"rendered":"<p>Der Vorstand 1.Vorsitzender: Franz-Josef Lenerz 2. Vorsitzender: Guido Sch\u00e4fer Gesch\u00e4ftsf\u00fchrer: Frank H\u00e4b Schriftf\u00fchrer: Sebastian Lenerz Beisitzer: Dietmar Caspar Wehrf\u00fchrer Karl-Heinz Partsch &nbsp; &nbsp; &nbsp;<\/p>\n","protected":false},"author":2,"featured_media":0,"parent":75,"menu_order":3,"comment_status":"closed","ping_status":"open","template":"","meta":{"footnotes":""},"class_list":["post-230","page","type-page","status-publish","hentry"],"_links":{"self":[{"href":"https:\/\/www.steiningen.de\/blog\/index.php?rest_route=\/wp\/v2\/pages\/230","targetHints":{"allow":["GET"]}}],"collection":[{"href":"https:\/\/www.steiningen.de\/blog\/index.php?rest_route=\/wp\/v2\/pages"}],"about":[{"href":"https:\/\/www.steiningen.de\/blog\/index.php?rest_route=\/wp\/v2\/types\/page"}],"author":[{"embeddable":true,"href":"https:\/\/www.steiningen.de\/blog\/index.php?rest_route=\/wp\/v2\/users\/2"}],"replies":[{"embeddable":true,"href":"https:\/\/www.steiningen.de\/blog\/index.php?rest_route=%2Fwp%2Fv2%2Fcomments&post=230"}],"version-history":[{"count":8,"href":"https:\/\/www.steiningen.de\/blog\/index.php?rest_route=\/wp\/v2\/pages\/230\/revisions"}],"predecessor-version":[{"id":1165,"href":"https:\/\/www.steiningen.de\/blog\/index.php?rest_route=\/wp\/v2\/pages\/230\/revisions\/1165"}],"up":[{"embeddable":true,"href":"https:\/\/www.steiningen.de\/blog\/index.php?rest_route=\/wp\/v2\/pages\/75"}],"wp:attachment":[{"href":"https:\/\/www.steiningen.de\/blog\/index.php?rest_route=%2Fwp%2Fv2%2Fmedia&parent=230"}],"curies":[{"name":"wp","href":"https:\/\/api.w.org\/{rel}","templated":true}]}}