{"id":232,"date":"2010-03-25T18:53:47","date_gmt":"2010-03-25T18:53:47","guid":{"rendered":"http:\/\/www.steiningen.de\/blog\/?page_id=232"},"modified":"2025-10-20T19:28:45","modified_gmt":"2025-10-20T18:28:45","slug":"karnevalsverein","status":"publish","type":"page","link":"https:\/\/www.steiningen.de\/blog\/?page_id=232","title":{"rendered":"Karnevalsverein"},"content":{"rendered":"<h3>Der Vorstand<\/h3>\n<table style=\"text-align: center;\" border=\"0\" width=\"90%\" cellspacing=\"1\" cellpadding=\"1\">\n<tbody>\n<tr>\n<td style=\"text-align: left;\">1.Vorsitzender:<\/td>\n<td style=\"text-align: left;\">Tim Kl\u00fctsch<\/td>\n<\/tr>\n<tr>\n<td style=\"text-align: left;\">2. Vorsitzende:<\/td>\n<td style=\"text-align: left;\">Yvonne Kl\u00fctsch<\/td>\n<\/tr>\n<tr>\n<td style=\"text-align: left;\">Gesch\u00e4ftsf\u00fchrerin:<\/td>\n<td style=\"text-align: left;\">Daniela Lenerz<\/td>\n<\/tr>\n<tr>\n<td style=\"text-align: left;\">Schriftf\u00fchrer:<\/td>\n<td style=\"text-align: left;\">Jana Kutscheid<\/td>\n<\/tr>\n<tr>\n<td style=\"text-align: left;\">Beisitzer:<\/td>\n<td style=\"text-align: left;\">Mara Weber<\/td>\n<\/tr>\n<tr>\n<td>\u00a0<\/td>\n<td style=\"text-align: left;\">Meike Diewald<\/td>\n<\/tr>\n<tr>\n<td>\u00a0<\/td>\n<td style=\"text-align: left;\">Yannick Roden<\/td>\n<\/tr>\n<\/tbody>\n<\/table>\n<h3 style=\"text-align: center;\">\u00a0<\/h3>\n<p style=\"text-align: center;\">\n\n\n<figure class=\"wp-block-image size-large\"><a href=\"http:\/\/www.steiningen.de\/blog\/wp-content\/uploads\/2024\/10\/1d2b5678-f7f4-4f44-83dd-33c7865fb05d.jpg\" target=\"_blank\" rel=\"noreferrer noopener\"><img loading=\"lazy\" decoding=\"async\" width=\"1024\" height=\"768\" src=\"http:\/\/www.steiningen.de\/blog\/wp-content\/uploads\/2024\/10\/1d2b5678-f7f4-4f44-83dd-33c7865fb05d-1024x768.jpg\" alt=\"\" class=\"wp-image-1031\" srcset=\"https:\/\/www.steiningen.de\/blog\/wp-content\/uploads\/2024\/10\/1d2b5678-f7f4-4f44-83dd-33c7865fb05d-1024x768.jpg 1024w, https:\/\/www.steiningen.de\/blog\/wp-content\/uploads\/2024\/10\/1d2b5678-f7f4-4f44-83dd-33c7865fb05d-300x225.jpg 300w, https:\/\/www.steiningen.de\/blog\/wp-content\/uploads\/2024\/10\/1d2b5678-f7f4-4f44-83dd-33c7865fb05d-768x576.jpg 768w, https:\/\/www.steiningen.de\/blog\/wp-content\/uploads\/2024\/10\/1d2b5678-f7f4-4f44-83dd-33c7865fb05d-1536x1152.jpg 1536w, https:\/\/www.steiningen.de\/blog\/wp-content\/uploads\/2024\/10\/1d2b5678-f7f4-4f44-83dd-33c7865fb05d.jpg 2000w\" sizes=\"auto, (max-width: 1024px) 100vw, 1024px\" \/><\/a><\/figure>\n","protected":false},"excerpt":{"rendered":"<p>Der Vorstand 1.Vorsitzender: Tim Kl\u00fctsch 2. Vorsitzende: Yvonne Kl\u00fctsch Gesch\u00e4ftsf\u00fchrerin: Daniela Lenerz Schriftf\u00fchrer: Jana Kutscheid Beisitzer: Mara Weber \u00a0 Meike Diewald \u00a0 Yannick Roden \u00a0<\/p>\n","protected":false},"author":2,"featured_media":0,"parent":75,"menu_order":4,"comment_status":"closed","ping_status":"open","template":"","meta":{"footnotes":""},"class_list":["post-232","page","type-page","status-publish","hentry"],"_links":{"self":[{"href":"https:\/\/www.steiningen.de\/blog\/index.php?rest_route=\/wp\/v2\/pages\/232","targetHints":{"allow":["GET"]}}],"collection":[{"href":"https:\/\/www.steiningen.de\/blog\/index.php?rest_route=\/wp\/v2\/pages"}],"about":[{"href":"https:\/\/www.steiningen.de\/blog\/index.php?rest_route=\/wp\/v2\/types\/page"}],"author":[{"embeddable":true,"href":"https:\/\/www.steiningen.de\/blog\/index.php?rest_route=\/wp\/v2\/users\/2"}],"replies":[{"embeddable":true,"href":"https:\/\/www.steiningen.de\/blog\/index.php?rest_route=%2Fwp%2Fv2%2Fcomments&post=232"}],"version-history":[{"count":7,"href":"https:\/\/www.steiningen.de\/blog\/index.php?rest_route=\/wp\/v2\/pages\/232\/revisions"}],"predecessor-version":[{"id":1121,"href":"https:\/\/www.steiningen.de\/blog\/index.php?rest_route=\/wp\/v2\/pages\/232\/revisions\/1121"}],"up":[{"embeddable":true,"href":"https:\/\/www.steiningen.de\/blog\/index.php?rest_route=\/wp\/v2\/pages\/75"}],"wp:attachment":[{"href":"https:\/\/www.steiningen.de\/blog\/index.php?rest_route=%2Fwp%2Fv2%2Fmedia&parent=232"}],"curies":[{"name":"wp","href":"https:\/\/api.w.org\/{rel}","templated":true}]}}