{"id":262,"date":"2010-03-28T09:24:28","date_gmt":"2010-03-28T09:24:28","guid":{"rendered":"http:\/\/www.steiningen.de\/blog\/?page_id=262"},"modified":"2025-10-20T20:23:30","modified_gmt":"2025-10-20T19:23:30","slug":"osterkirmes-mit-pferdesegnung","status":"publish","type":"page","link":"https:\/\/www.steiningen.de\/blog\/?page_id=262","title":{"rendered":"Osterkirmes mit Pferdesegnung"},"content":{"rendered":"\n<p class=\"has-text-align-center\"><strong>Osterkirmes&nbsp;<\/strong><\/p>\n\n\n\n<p><span style=\"font-size: small;\"><b>Jedes Jahr am Ostermontag machen sich eine Vielzahl von Pferdehalter mit ihren Tieren auf den Weg nach Steiningen, um vor der Kapelle, die dem hl. Mauritius geweiht ist, den Segen f\u00fcr sich und ihre Tiere zu erbitten.<\/b><\/span><\/p>\n\n\n\n<p><span style=\"font-size: small;\">Dieser von der Gemeinde intensiv gepflegte Brauch besteht nun schon seit Mitte des 18. Jahrhunderts und ist H\u00f6hepunkt der allj\u00e4hrlichen Osterkirmes.<br>An diesem Tag ist die Kapelle \u00fcberf\u00fcllt mit Besuchern aus den umliegenden Ortschaften.<br>Schon lange vor der Messe, die um 10.30 Uhr beginnt, versammeln sich nicht nur die zahlreiche Pferdehalter in Steiningen, sondern auch eine immer mehr wachsende Zahl von Besuchern.<br>Diese haben im Anschluss an die Pferdesegnung schlie\u00dflich auch die Gelegenheit im Festsaal bei Musik und Tanz das Osterfest bis in die Abendstunden ausklingen zu lassen.<\/span><\/p>\n\n\n\n<figure class=\"wp-block-image size-large\"><a href=\"http:\/\/www.steiningen.de\/blog\/wp-content\/uploads\/2024\/10\/pferdesegnung.jpg\"><img loading=\"lazy\" decoding=\"async\" width=\"1024\" height=\"541\" src=\"http:\/\/www.steiningen.de\/blog\/wp-content\/uploads\/2024\/10\/pferdesegnung-1024x541.jpg\" alt=\"\" class=\"wp-image-1002\" srcset=\"https:\/\/www.steiningen.de\/blog\/wp-content\/uploads\/2024\/10\/pferdesegnung-1024x541.jpg 1024w, https:\/\/www.steiningen.de\/blog\/wp-content\/uploads\/2024\/10\/pferdesegnung-300x159.jpg 300w, https:\/\/www.steiningen.de\/blog\/wp-content\/uploads\/2024\/10\/pferdesegnung-768x406.jpg 768w, https:\/\/www.steiningen.de\/blog\/wp-content\/uploads\/2024\/10\/pferdesegnung-1536x812.jpg 1536w, https:\/\/www.steiningen.de\/blog\/wp-content\/uploads\/2024\/10\/pferdesegnung.jpg 1900w\" sizes=\"auto, (max-width: 1024px) 100vw, 1024px\" \/><\/a><\/figure>\n","protected":false},"excerpt":{"rendered":"<p>Osterkirmes&nbsp; Jedes Jahr am Ostermontag machen sich eine Vielzahl von Pferdehalter mit ihren Tieren auf den Weg nach Steiningen, um vor der Kapelle, die dem hl. Mauritius geweiht ist, den&#8230;<\/p>\n","protected":false},"author":2,"featured_media":0,"parent":1158,"menu_order":5,"comment_status":"closed","ping_status":"open","template":"","meta":{"footnotes":""},"class_list":["post-262","page","type-page","status-publish","hentry"],"_links":{"self":[{"href":"https:\/\/www.steiningen.de\/blog\/index.php?rest_route=\/wp\/v2\/pages\/262","targetHints":{"allow":["GET"]}}],"collection":[{"href":"https:\/\/www.steiningen.de\/blog\/index.php?rest_route=\/wp\/v2\/pages"}],"about":[{"href":"https:\/\/www.steiningen.de\/blog\/index.php?rest_route=\/wp\/v2\/types\/page"}],"author":[{"embeddable":true,"href":"https:\/\/www.steiningen.de\/blog\/index.php?rest_route=\/wp\/v2\/users\/2"}],"replies":[{"embeddable":true,"href":"https:\/\/www.steiningen.de\/blog\/index.php?rest_route=%2Fwp%2Fv2%2Fcomments&post=262"}],"version-history":[{"count":4,"href":"https:\/\/www.steiningen.de\/blog\/index.php?rest_route=\/wp\/v2\/pages\/262\/revisions"}],"predecessor-version":[{"id":1056,"href":"https:\/\/www.steiningen.de\/blog\/index.php?rest_route=\/wp\/v2\/pages\/262\/revisions\/1056"}],"up":[{"embeddable":true,"href":"https:\/\/www.steiningen.de\/blog\/index.php?rest_route=\/wp\/v2\/pages\/1158"}],"wp:attachment":[{"href":"https:\/\/www.steiningen.de\/blog\/index.php?rest_route=%2Fwp%2Fv2%2Fmedia&parent=262"}],"curies":[{"name":"wp","href":"https:\/\/api.w.org\/{rel}","templated":true}]}}