{"id":281,"date":"2010-03-28T09:44:37","date_gmt":"2010-03-28T09:44:37","guid":{"rendered":"http:\/\/www.steiningen.de\/blog\/?page_id=281"},"modified":"2025-10-20T20:24:49","modified_gmt":"2025-10-20T19:24:49","slug":"kirche","status":"publish","type":"page","link":"https:\/\/www.steiningen.de\/blog\/?page_id=281","title":{"rendered":"Kirche"},"content":{"rendered":"<p style=\"text-align: center;\"><strong>Die Kapelle des Hl. Mauritius<\/strong><\/p>\n<p style=\"text-align: center;\">Es kann davon ausgegangen werden, dass die Mauritius &#8211; Kapelle in Steiningen im Jahre 1741 erbaut und wahrscheinlich rechtzeitig zur damaligen Dorfkirmes am 17. September fertiggestellt wurde.<br \/>Von entscheidender Bedeutung war dabei der pers\u00f6nliche Einsatz des damaligen B\u00fcrgermeisters Anton Schr\u00f6der, der im ganzen trierischen Land umherzog und sich von einflussreichen Personen, vom Bistum Trier und K\u00f6ln, von Kl\u00f6stern und Pfarrern Geld erbettelte, um den Bau der Dorfkirche zu erm\u00f6glichen.<br \/>Ebenfalls ist ihm zu verdanken, dass Reliquien des Hl. Mauritius nach Steiningen gelangten, die innerhalb des Altars in einer Monstranz aufbewahrt werden.<\/p>\n<p style=\"text-align: center;\">Die Kapelle, an der 1989 &#8211; 1992 eine grundlegende Renovierung vorgenommen wurde, ist 6 Meter breit, 13 Meter lang, 15 Meter hoch und bietet Platz f\u00fcr ca. 130 Personen.<\/p>\n<p style=\"text-align: center;\">\u00a0<\/p>\n<p>\u00a0<\/p>\n\n\n<figure class=\"wp-block-image size-large\"><a href=\"http:\/\/www.steiningen.de\/blog\/wp-content\/uploads\/2024\/10\/kirche-scaled.jpg\"><img loading=\"lazy\" decoding=\"async\" width=\"1024\" height=\"683\" src=\"http:\/\/www.steiningen.de\/blog\/wp-content\/uploads\/2024\/10\/kirche-1024x683.jpg\" alt=\"\" class=\"wp-image-1000\" srcset=\"https:\/\/www.steiningen.de\/blog\/wp-content\/uploads\/2024\/10\/kirche-1024x683.jpg 1024w, https:\/\/www.steiningen.de\/blog\/wp-content\/uploads\/2024\/10\/kirche-300x200.jpg 300w, https:\/\/www.steiningen.de\/blog\/wp-content\/uploads\/2024\/10\/kirche-768x512.jpg 768w, https:\/\/www.steiningen.de\/blog\/wp-content\/uploads\/2024\/10\/kirche-1536x1024.jpg 1536w, https:\/\/www.steiningen.de\/blog\/wp-content\/uploads\/2024\/10\/kirche-2048x1365.jpg 2048w\" sizes=\"auto, (max-width: 1024px) 100vw, 1024px\" \/><\/a><\/figure>\n","protected":false},"excerpt":{"rendered":"<p>Die Kapelle des Hl. Mauritius Es kann davon ausgegangen werden, dass die Mauritius &#8211; Kapelle in Steiningen im Jahre 1741 erbaut und wahrscheinlich rechtzeitig zur damaligen Dorfkirmes am 17. September&#8230;<\/p>\n","protected":false},"author":2,"featured_media":0,"parent":1158,"menu_order":8,"comment_status":"closed","ping_status":"open","template":"","meta":{"footnotes":""},"class_list":["post-281","page","type-page","status-publish","hentry"],"_links":{"self":[{"href":"https:\/\/www.steiningen.de\/blog\/index.php?rest_route=\/wp\/v2\/pages\/281","targetHints":{"allow":["GET"]}}],"collection":[{"href":"https:\/\/www.steiningen.de\/blog\/index.php?rest_route=\/wp\/v2\/pages"}],"about":[{"href":"https:\/\/www.steiningen.de\/blog\/index.php?rest_route=\/wp\/v2\/types\/page"}],"author":[{"embeddable":true,"href":"https:\/\/www.steiningen.de\/blog\/index.php?rest_route=\/wp\/v2\/users\/2"}],"replies":[{"embeddable":true,"href":"https:\/\/www.steiningen.de\/blog\/index.php?rest_route=%2Fwp%2Fv2%2Fcomments&post=281"}],"version-history":[{"count":2,"href":"https:\/\/www.steiningen.de\/blog\/index.php?rest_route=\/wp\/v2\/pages\/281\/revisions"}],"predecessor-version":[{"id":1059,"href":"https:\/\/www.steiningen.de\/blog\/index.php?rest_route=\/wp\/v2\/pages\/281\/revisions\/1059"}],"up":[{"embeddable":true,"href":"https:\/\/www.steiningen.de\/blog\/index.php?rest_route=\/wp\/v2\/pages\/1158"}],"wp:attachment":[{"href":"https:\/\/www.steiningen.de\/blog\/index.php?rest_route=%2Fwp%2Fv2%2Fmedia&parent=281"}],"curies":[{"name":"wp","href":"https:\/\/api.w.org\/{rel}","templated":true}]}}