{"id":878,"date":"2017-03-25T10:39:42","date_gmt":"2017-03-25T10:39:42","guid":{"rendered":"http:\/\/www.steiningen.de\/blog\/?page_id=878"},"modified":"2025-10-28T19:54:24","modified_gmt":"2025-10-28T18:54:24","slug":"aktuelles","status":"publish","type":"page","link":"https:\/\/www.steiningen.de\/blog\/?page_id=878","title":{"rendered":"Aktuelles"},"content":{"rendered":"\n<p class=\"has-text-align-center\">Hier erscheinen in K\u00fcrze aktuelle Nachrichten rund um die Ortsgemeinde Steiningen<\/p>\n\n\n\n<hr class=\"wp-block-separator has-text-color has-accent-color has-alpha-channel-opacity has-accent-background-color has-background is-style-wide\"\/>\n\n\n<div style=\"text-align: center;\">13.09.2024: Verabschiedung des B\u00fcrgermeisters Reinhold Sch\u00e4fer und der langj\u00e4hrigen Gemeinderatsmitglieder Horst Michels, Franz-Josef Lenerz, Anna Preis und Stefan Diewald.<\/div>\n<div>\u00a0<\/div>\n<div><a href=\"http:\/\/www.steiningen.de\/blog\/wp-content\/uploads\/2024\/10\/verabschiedung.jpeg\"><img loading=\"lazy\" decoding=\"async\" class=\"size-medium wp-image-1004 alignleft\" src=\"http:\/\/www.steiningen.de\/blog\/wp-content\/uploads\/2024\/10\/verabschiedung-300x225.jpeg\" alt=\"\" width=\"300\" height=\"225\" srcset=\"https:\/\/www.steiningen.de\/blog\/wp-content\/uploads\/2024\/10\/verabschiedung-300x225.jpeg 300w, https:\/\/www.steiningen.de\/blog\/wp-content\/uploads\/2024\/10\/verabschiedung-1024x768.jpeg 1024w, https:\/\/www.steiningen.de\/blog\/wp-content\/uploads\/2024\/10\/verabschiedung-768x576.jpeg 768w, https:\/\/www.steiningen.de\/blog\/wp-content\/uploads\/2024\/10\/verabschiedung-1536x1152.jpeg 1536w, https:\/\/www.steiningen.de\/blog\/wp-content\/uploads\/2024\/10\/verabschiedung.jpeg 1600w\" sizes=\"auto, (max-width: 300px) 100vw, 300px\" \/><\/a><a href=\"http:\/\/www.steiningen.de\/blog\/wp-content\/uploads\/2024\/10\/0e5ad7be-d58d-47d1-9ea1-0176d6fc1ad3.jpg\"><img loading=\"lazy\" decoding=\"async\" class=\"size-medium wp-image-1089 alignright\" src=\"http:\/\/www.steiningen.de\/blog\/wp-content\/uploads\/2024\/10\/0e5ad7be-d58d-47d1-9ea1-0176d6fc1ad3-225x300.jpg\" alt=\"\" width=\"225\" height=\"300\" srcset=\"https:\/\/www.steiningen.de\/blog\/wp-content\/uploads\/2024\/10\/0e5ad7be-d58d-47d1-9ea1-0176d6fc1ad3-225x300.jpg 225w, https:\/\/www.steiningen.de\/blog\/wp-content\/uploads\/2024\/10\/0e5ad7be-d58d-47d1-9ea1-0176d6fc1ad3-768x1024.jpg 768w, https:\/\/www.steiningen.de\/blog\/wp-content\/uploads\/2024\/10\/0e5ad7be-d58d-47d1-9ea1-0176d6fc1ad3-1152x1536.jpg 1152w, https:\/\/www.steiningen.de\/blog\/wp-content\/uploads\/2024\/10\/0e5ad7be-d58d-47d1-9ea1-0176d6fc1ad3.jpg 1200w\" sizes=\"auto, (max-width: 225px) 100vw, 225px\" \/><\/a><\/div>\n<div>\u00a0<\/div>","protected":false},"excerpt":{"rendered":"<p>Hier erscheinen in K\u00fcrze aktuelle Nachrichten rund um die Ortsgemeinde Steiningen 13.09.2024: Verabschiedung des B\u00fcrgermeisters Reinhold Sch\u00e4fer und der langj\u00e4hrigen Gemeinderatsmitglieder Horst Michels, Franz-Josef Lenerz, Anna Preis und Stefan Diewald&#8230;.<\/p>\n","protected":false},"author":2,"featured_media":0,"parent":0,"menu_order":0,"comment_status":"closed","ping_status":"closed","template":"","meta":{"footnotes":""},"class_list":["post-878","page","type-page","status-publish","hentry"],"_links":{"self":[{"href":"https:\/\/www.steiningen.de\/blog\/index.php?rest_route=\/wp\/v2\/pages\/878","targetHints":{"allow":["GET"]}}],"collection":[{"href":"https:\/\/www.steiningen.de\/blog\/index.php?rest_route=\/wp\/v2\/pages"}],"about":[{"href":"https:\/\/www.steiningen.de\/blog\/index.php?rest_route=\/wp\/v2\/types\/page"}],"author":[{"embeddable":true,"href":"https:\/\/www.steiningen.de\/blog\/index.php?rest_route=\/wp\/v2\/users\/2"}],"replies":[{"embeddable":true,"href":"https:\/\/www.steiningen.de\/blog\/index.php?rest_route=%2Fwp%2Fv2%2Fcomments&post=878"}],"version-history":[{"count":19,"href":"https:\/\/www.steiningen.de\/blog\/index.php?rest_route=\/wp\/v2\/pages\/878\/revisions"}],"predecessor-version":[{"id":1193,"href":"https:\/\/www.steiningen.de\/blog\/index.php?rest_route=\/wp\/v2\/pages\/878\/revisions\/1193"}],"wp:attachment":[{"href":"https:\/\/www.steiningen.de\/blog\/index.php?rest_route=%2Fwp%2Fv2%2Fmedia&parent=878"}],"curies":[{"name":"wp","href":"https:\/\/api.w.org\/{rel}","templated":true}]}}